{"id":17,"date":"2022-12-02T22:46:13","date_gmt":"2022-12-02T22:46:13","guid":{"rendered":"https:\/\/eneagrama.work\/web\/home\/"},"modified":"2024-03-18T18:21:22","modified_gmt":"2024-03-18T18:21:22","slug":"home","status":"publish","type":"page","link":"https:\/\/eneagrama.work\/web\/","title":{"rendered":"Inicio"},"content":{"rendered":"\n<figure class=\"wp-block-pullquote\"><blockquote><p>Capacitados en gestionar, ejecutar, administrar y liderar procesos de autoconocimiento e intervenci\u00f3n individual o grupal. Intervenci\u00f3n empresarial, organizacional, social y educativa, tanto en el sector privado como p\u00fablico.<\/p><\/blockquote><\/figure>\n\n\n\n<h2 class=\"wp-block-heading\">Eneagrama Espectral Profesional<\/h2>\n\n\n\n<div style=\"height:48px\" aria-hidden=\"true\" class=\"wp-block-spacer\"><\/div>\n\n\n\n<div class=\"wp-block-columns is-layout-flex wp-container-core-columns-is-layout-9d6595d7 wp-block-columns-is-layout-flex\">\n<div class=\"wp-block-column is-layout-flow wp-block-column-is-layout-flow\" style=\"flex-basis:25%\">\n<figure class=\"wp-block-image size-large\"><img data-recalc-dims=\"1\" loading=\"lazy\" decoding=\"async\" width=\"683\" height=\"1024\" src=\"https:\/\/i0.wp.com\/eneagrama.work\/web\/wp-content\/uploads\/2022\/12\/young.jpg?resize=683%2C1024&#038;ssl=1\" alt=\"\" class=\"wp-image-45\" srcset=\"https:\/\/i0.wp.com\/eneagrama.work\/web\/wp-content\/uploads\/2022\/12\/young.jpg?resize=683%2C1024&amp;ssl=1 683w, https:\/\/i0.wp.com\/eneagrama.work\/web\/wp-content\/uploads\/2022\/12\/young.jpg?resize=200%2C300&amp;ssl=1 200w, https:\/\/i0.wp.com\/eneagrama.work\/web\/wp-content\/uploads\/2022\/12\/young.jpg?w=740&amp;ssl=1 740w\" sizes=\"auto, (max-width: 683px) 100vw, 683px\" \/><\/figure>\n<\/div>\n\n\n\n<div class=\"wp-block-column is-layout-flow wp-block-column-is-layout-flow\" style=\"flex-basis:50%\">\n<p class=\"has-text-align-justify\" style=\"font-size:14px;font-style:normal;font-weight:300\">El Eneagrama Espectral Profesional describe nueve tipos de personalidades distintas y sus interrelaciones (tambi\u00e9n denominado los nueve \u201cyo\u201d internos), que es entendido y ense\u00f1ado principalmente como m\u00e9todo para desarrollar estados superiores del ser, la esencia e iluminaci\u00f3n. Tambi\u00e9n est\u00e1 siendo aplicado en varias \u00e1reas que incluyen la psicoterapia, negocios, coaching, mentor\u00eda, desarrollo organizacional, artes, entre otros; tanto para uso personal o aplicado en las empresas, de manera individual o grupal. Un grupo de personas, en su conjunto, como equipo, crea su propia personalidad.<\/p>\n<\/div>\n\n\n\n<div class=\"wp-block-column is-layout-flow wp-block-column-is-layout-flow\" style=\"flex-basis:25%\"><\/div>\n<\/div>\n\n\n\n<div style=\"height:70px\" aria-hidden=\"true\" class=\"wp-block-spacer\"><\/div>\n\n\n\n<h2 class=\"wp-block-heading has-text-align-center has-medium-font-size\">Eneagrama espectral<\/h2>\n\n\n\n<div style=\"height:54px\" aria-hidden=\"true\" class=\"wp-block-spacer\"><\/div>\n\n\n\n<div class=\"wp-block-columns is-layout-flex wp-container-core-columns-is-layout-9d6595d7 wp-block-columns-is-layout-flex\">\n<div class=\"wp-block-column is-layout-flow wp-block-column-is-layout-flow\" style=\"flex-basis:25%\"><\/div>\n\n\n\n<div class=\"wp-block-column is-layout-flow wp-block-column-is-layout-flow\" style=\"flex-basis:50%\">\n<p class=\"has-text-align-justify\" style=\"font-size:14px;font-style:normal;font-weight:300\">Una persona, un yo, no vive solo en un eneatipo, en su comportamiento y diario vivir, sino m\u00e1s bien navega entre las nueve personalidades identificadas en el eneagrama, interactuando con el mundo en un espectro \u00fanico que se conjugan entre todos los yo, quienes rodean al eneatipo superior o eneatipo basal. Los nueve \u201cyo\u201d est\u00e1n en constante movimiento, por lo que el estado de ahora o presente puede y ser\u00e1 distinto en un ma\u00f1ana.\u200b<\/p>\n<\/div>\n\n\n\n<div class=\"wp-block-column is-layout-flow wp-block-column-is-layout-flow\" style=\"flex-basis:25%\">\n<figure class=\"is-resized wp-block-image size-full\"><img data-recalc-dims=\"1\" loading=\"lazy\" decoding=\"async\" width=\"400\" height=\"400\" src=\"https:\/\/i0.wp.com\/eneagrama.work\/web\/wp-content\/uploads\/2022\/12\/descarga.png?resize=400%2C400&#038;ssl=1\" alt=\"\" class=\"wp-image-42\" srcset=\"https:\/\/i0.wp.com\/eneagrama.work\/web\/wp-content\/uploads\/2022\/12\/descarga.png?w=400&amp;ssl=1 400w, https:\/\/i0.wp.com\/eneagrama.work\/web\/wp-content\/uploads\/2022\/12\/descarga.png?resize=300%2C300&amp;ssl=1 300w, https:\/\/i0.wp.com\/eneagrama.work\/web\/wp-content\/uploads\/2022\/12\/descarga.png?resize=150%2C150&amp;ssl=1 150w\" sizes=\"auto, (max-width: 400px) 100vw, 400px\" \/><\/figure>\n<\/div>\n<\/div>\n\n\n\n<div style=\"height:100px\" aria-hidden=\"true\" class=\"wp-block-spacer\"><\/div>\n\n\n\n<h2 class=\"wp-block-heading has-text-align-left\">Libro Eneagrama Espectral<\/h2>\n\n\n\n<div class=\"wp-block-columns is-layout-flex wp-container-core-columns-is-layout-9d6595d7 wp-block-columns-is-layout-flex\">\n<div class=\"wp-block-column is-layout-flow wp-block-column-is-layout-flow\" style=\"flex-basis:25%\">\n<figure class=\"wp-block-image size-large\"><img data-recalc-dims=\"1\" loading=\"lazy\" decoding=\"async\" width=\"642\" height=\"1024\" src=\"https:\/\/i0.wp.com\/eneagrama.work\/web\/wp-content\/uploads\/2024\/03\/1_small.png?resize=642%2C1024&#038;ssl=1\" alt=\"\" class=\"wp-image-322\" srcset=\"https:\/\/i0.wp.com\/eneagrama.work\/web\/wp-content\/uploads\/2024\/03\/1_small.png?resize=642%2C1024&amp;ssl=1 642w, https:\/\/i0.wp.com\/eneagrama.work\/web\/wp-content\/uploads\/2024\/03\/1_small.png?resize=188%2C300&amp;ssl=1 188w, https:\/\/i0.wp.com\/eneagrama.work\/web\/wp-content\/uploads\/2024\/03\/1_small.png?resize=768%2C1226&amp;ssl=1 768w, https:\/\/i0.wp.com\/eneagrama.work\/web\/wp-content\/uploads\/2024\/03\/1_small.png?w=800&amp;ssl=1 800w\" sizes=\"auto, (max-width: 642px) 100vw, 642px\" \/><\/figure>\n<\/div>\n\n\n\n<div class=\"wp-block-column is-layout-flow wp-block-column-is-layout-flow\" style=\"flex-basis:50%\">\n<p class=\"has-text-align-justify\" style=\"font-size:14px;font-style:normal;font-weight:300\">En el vasto tapiz del Eneagrama Espectral, cada eneatipo es una nota vibrante que contribuye a la sinfon\u00eda de nuestra existencia. Al explorar las profundidades de nuestro ser, descubrimos que somos mucho m\u00e1s que una simple clasificaci\u00f3n; somos la intersecci\u00f3n de m\u00faltiples energ\u00edas, influencias y potenciales. Este libro invita al lector a desplegar las alas de la imaginaci\u00f3n y a explorar los infinitos matices que componen nuestra personalidad. Ya sea que se sumerja en las p\u00e1ginas digitales de Kindle o que se deleite con la experiencia t\u00e1ctil del libro impreso, \u201cEneagrama Espectral\u201d ofrece una gu\u00eda para aquellos que buscan desentra\u00f1ar los misterios del alma y abrazar la plenitud de su ser en Amazon.com.<\/p>\n\n\n\n<p class=\"has-text-align-center\"><a href=\"https:\/\/a.co\/d\/feSoDz6\" class=\"ek-link\">Adqui\u00e9relo en Amazon.com pinchando aqu\u00ed<\/a><\/p>\n<\/div>\n\n\n\n<div class=\"wp-block-column is-layout-flow wp-block-column-is-layout-flow\" style=\"flex-basis:25%\"><\/div>\n<\/div>\n\n\n\n<div style=\"height:70px\" aria-hidden=\"true\" class=\"wp-block-spacer\"><\/div>\n","protected":false},"excerpt":{"rendered":"<p>Capacitados en gestionar, ejecutar, administrar y liderar procesos de autoconocimiento e intervenci\u00f3n individual o grupal. Intervenci\u00f3n empresarial, organizacional, social y educativa, tanto en el sector privado como p\u00fablico. Eneagrama Espectral Profesional El Eneagrama Espectral Profesional describe nueve tipos de personalidades&#8230;<br \/><a class=\"read-more-button\" href=\"https:\/\/eneagrama.work\/web\/\">Leer m\u00e1s<\/a><\/p>\n","protected":false},"author":1,"featured_media":0,"parent":0,"menu_order":0,"comment_status":"closed","ping_status":"closed","template":"","meta":{"nf_dc_page":"","_editorskit_title_hidden":true,"_editorskit_reading_time":1,"_editorskit_is_block_options_detached":false,"_editorskit_block_options_position":"{}","om_disable_all_campaigns":false,"_monsterinsights_skip_tracking":false,"_monsterinsights_sitenote_active":false,"_monsterinsights_sitenote_note":"","_monsterinsights_sitenote_category":0,"footnotes":""},"class_list":["post-17","page","type-page","status-publish","hentry"],"aioseo_notices":[],"jetpack_sharing_enabled":true,"_links":{"self":[{"href":"https:\/\/eneagrama.work\/web\/wp-json\/wp\/v2\/pages\/17","targetHints":{"allow":["GET"]}}],"collection":[{"href":"https:\/\/eneagrama.work\/web\/wp-json\/wp\/v2\/pages"}],"about":[{"href":"https:\/\/eneagrama.work\/web\/wp-json\/wp\/v2\/types\/page"}],"author":[{"embeddable":true,"href":"https:\/\/eneagrama.work\/web\/wp-json\/wp\/v2\/users\/1"}],"replies":[{"embeddable":true,"href":"https:\/\/eneagrama.work\/web\/wp-json\/wp\/v2\/comments?post=17"}],"version-history":[{"count":4,"href":"https:\/\/eneagrama.work\/web\/wp-json\/wp\/v2\/pages\/17\/revisions"}],"predecessor-version":[{"id":323,"href":"https:\/\/eneagrama.work\/web\/wp-json\/wp\/v2\/pages\/17\/revisions\/323"}],"wp:attachment":[{"href":"https:\/\/eneagrama.work\/web\/wp-json\/wp\/v2\/media?parent=17"}],"curies":[{"name":"wp","href":"https:\/\/api.w.org\/{rel}","templated":true}]}}